{"id":479,"date":"2021-02-17T14:28:42","date_gmt":"2021-02-17T14:28:42","guid":{"rendered":"https:\/\/www.nuriacarmona.es\/libro\/?post_type=product&#038;p=479"},"modified":"2021-02-17T14:34:57","modified_gmt":"2021-02-17T14:34:57","slug":"liderazgo-consciente-para-profesionales-inquietas","status":"publish","type":"product","link":"https:\/\/www.nuriacarmona.es\/libro\/producto\/liderazgo-consciente-para-profesionales-inquietas\/","title":{"rendered":"Liderazgo consciente para profesionales inquietas"},"content":{"rendered":"<h4 class=\"fusion-responsive-typography-calculated\" data-fontsize=\"25\" data-lineheight=\"32px\"><strong>Liderazgo consciente para profesionales inquietas<br \/>\n<\/strong><\/h4>\n<p>Para\u00a0<strong>liderar con \u00e9xito<\/strong>, el punto de partida es comprender\u00a0<strong>qui\u00e9n eres, qu\u00e9 sientes y qu\u00e9 es lo que quieres<\/strong>. Entender qu\u00e9 te limita y frena tu \u00e9xito y qu\u00e9 potencia tus talentos y te impulsa. El\u00a0<strong>liderazgo que va de dentro hacia afuera<\/strong>, es el que se ejerce desde el propio autoconocimiento para poder ofrecer, de forma consciente, inspiraci\u00f3n, gu\u00eda y motivaci\u00f3n a los dem\u00e1s.<\/p>\n<p>Si quieres convertirte en una<strong>\u00a0l\u00edder consciente<\/strong>, ya\u00a0<strong>tengas un negocio propio o dirijas un equipo dentro de una empresa<\/strong>, en estas p\u00e1ginas vas a encontrar las claves para hacerlo desde tu propia esencia y autenticidad.<\/p>\n<p>Este no es un libro lleno de teor\u00eda, es un libro para que puedas trabajar tu liderazgo de forma consciente y termines la \u00faltima p\u00e1gina sinti\u00e9ndote transformada.\u00a0<strong>Con\u00f3cete, Gesti\u00f3nate, Proy\u00e9ctate y Planif\u00edcate<\/strong>\u00a0conforman las\u00a0<strong>cuatro etapas<\/strong>\u00a0ineludibles en este camino.\u00a0<a href=\"https:\/\/nuriacarmona.es\/\" target=\"_blank\" rel=\"noopener noreferrer\">Nuria Carmona<\/a>,\u00a0<a href=\"https:\/\/isabelmunozpsicologa.com\/\" target=\"_blank\" rel=\"noopener noreferrer\">Isabel Mu\u00f1oz<\/a>,\u00a0<a href=\"https:\/\/www.celiarivero.com\/\" target=\"_blank\" rel=\"noopener noreferrer\">Celia Rivero<\/a>\u00a0y\u00a0<a href=\"https:\/\/paolacorbalan.com\/\" target=\"_blank\" rel=\"noopener noreferrer\">Paola Corbal\u00e1n<\/a>\u00a0son las\u00a0<strong>cuatro expertas que<\/strong>, desde su conocimiento y propia experiencia, te guiar\u00e1n en cada etapa para que puedas llevar tu liderazgo a otro nivel.<\/p>\n<p>Si aspiras a ejercer el liderazgo que t\u00fa misma decidas, el que sea adapte al 100% a tu forma de entender tu profesi\u00f3n y tu vida, tienes en tu mano la v\u00eda para hacerlo realidad.<\/p>\n<h4 class=\"fusion-responsive-typography-calculated\" data-fontsize=\"25\" data-lineheight=\"32px\">\u00cdNDICE<\/h4>\n<p>Bienvenida al liderazgo consciente<\/p>\n<p><strong>CON\u00d3CETE, cambia de mentalidad y crea tu realidad<\/strong><\/p>\n<ul>\n<li>Def\u00ednete como mujer y como l\u00edder<\/li>\n<li>Tu mente te est\u00e1 limitando<\/li>\n<li>Claves para avanzar mentalmente en el camino al \u00e9xito<\/li>\n<li><em><strong>Nuria Carmona<\/strong><\/em><\/li>\n<\/ul>\n<p><strong>GESTI\u00d3NATE. Reconoce, entiende y maneja tus emociones para mejorar tu liderazgo<\/strong><\/p>\n<ul>\n<li>Tu salud emocional influye en tu negocio<\/li>\n<li>Identifica tus emociones y rompe el c\u00edrculo que te limita<\/li>\n<li>Maneja las emociones que frenan tu liderazgo<\/li>\n<li><em><strong>Isabel Mu\u00f1oz<\/strong><\/em><\/li>\n<\/ul>\n<p><strong>PROY\u00c9CTATE. Potencia y proyecta tu liderazgo a trav\u00e9s de tu imagen<\/strong><\/p>\n<ul>\n<li>Revela tu autenticidad<\/li>\n<li>Primera parada: Tu interior<\/li>\n<li>Segunda parada: Tu cuerpo<\/li>\n<li>\u00daltima parada: Tu apariencia<\/li>\n<li><em><strong>Celia Rivero<\/strong><\/em><\/li>\n<\/ul>\n<p><strong>PLANIF\u00cdCATE. Planifica, gestiona y delega para convertirte en una l\u00edder extraordinaria<\/strong><\/p>\n<ul>\n<li>Tu \u00abpara qu\u00e9\u00bb define tu estrategia<\/li>\n<li>Liderar en tiempos de incertidumbre<\/li>\n<li>Planificaci\u00f3n y gesti\u00f3n del tiempo<\/li>\n<li>Gesti\u00f3n de personas: la labor m\u00e1s dif\u00edcil y reconfortante<\/li>\n<li>Delega y gana tranquilidad<\/li>\n<li><em><strong>Paola Corbal\u00e1n<\/strong><\/em><\/li>\n<\/ul>\n","protected":false},"excerpt":{"rendered":"<p>Este no es un libro lleno de teor\u00eda, es un libro para que puedas trabajar tu liderazgo de forma consciente y termines la \u00faltima p\u00e1gina sinti\u00e9ndote transformada. <strong>Con\u00f3cete, Gesti\u00f3nate, Proy\u00e9ctate y Planif\u00edcate<\/strong> conforman las cuatro etapas ineludibles en este camino. Nuria Carmona, Isabel Mu\u00f1oz, Celia Rivero y Paola Corbal\u00e1n son las cuatro expertas que, desde su conocimiento y propia experiencia, te guiar\u00e1n en cada etapa para que puedas llevar tu liderazgo a otro nivel.<\/p>\n<p><strong>INCLUYE EJERCICIOS<\/strong><\/p>\n","protected":false},"featured_media":480,"comment_status":"closed","ping_status":"closed","template":"","meta":[],"class_list":["post-479","product","type-product","status-publish","has-post-thumbnail","hentry","product_cat-sin-categorizar"],"yoast_head":"<!-- This site is optimized with the Yoast SEO plugin v15.7 - https:\/\/yoast.com\/wordpress\/plugins\/seo\/ -->\n<title>Liderazgo consciente para profesionales inquietas - Liderazgo consciente para profesionales inquietas<\/title>\n<meta name=\"robots\" content=\"index, follow, max-snippet:-1, max-image-preview:large, max-video-preview:-1\" \/>\n<link rel=\"canonical\" href=\"https:\/\/www.nuriacarmona.es\/libro\/producto\/liderazgo-consciente-para-profesionales-inquietas\/\" \/>\n<meta property=\"og:locale\" content=\"es_ES\" \/>\n<meta property=\"og:type\" content=\"article\" \/>\n<meta property=\"og:title\" content=\"Liderazgo consciente para profesionales inquietas - Liderazgo consciente para profesionales inquietas\" \/>\n<meta property=\"og:description\" content=\"Este no es un libro lleno de teor\u00eda, es un libro para que puedas trabajar tu liderazgo de forma consciente y termines la \u00faltima p\u00e1gina sinti\u00e9ndote transformada. Con\u00f3cete, Gesti\u00f3nate, Proy\u00e9ctate y Planif\u00edcate conforman las cuatro etapas ineludibles en este camino. Nuria Carmona, Isabel Mu\u00f1oz, Celia Rivero y Paola Corbal\u00e1n son las cuatro expertas que, desde su conocimiento y propia experiencia, te guiar\u00e1n en cada etapa para que puedas llevar tu liderazgo a otro nivel.  INCLUYE EJERCICIOS\" \/>\n<meta property=\"og:url\" content=\"https:\/\/www.nuriacarmona.es\/libro\/producto\/liderazgo-consciente-para-profesionales-inquietas\/\" \/>\n<meta property=\"og:site_name\" content=\"Liderazgo consciente para profesionales inquietas\" \/>\n<meta property=\"article:modified_time\" content=\"2021-02-17T14:34:57+00:00\" \/>\n<meta property=\"og:image\" content=\"https:\/\/www.nuriacarmona.es\/libro\/wp-content\/uploads\/2021\/02\/liderazgo-consciente-web.jpg\" \/>\n\t<meta property=\"og:image:width\" content=\"500\" \/>\n\t<meta property=\"og:image:height\" content=\"706\" \/>\n<meta name=\"twitter:card\" content=\"summary_large_image\" \/>\n<meta name=\"twitter:label1\" content=\"Tiempo de lectura\">\n\t<meta name=\"twitter:data1\" content=\"2 minutos\">\n<script type=\"application\/ld+json\" class=\"yoast-schema-graph\">{\"@context\":\"https:\/\/schema.org\",\"@graph\":[{\"@type\":\"WebSite\",\"@id\":\"https:\/\/www.nuriacarmona.es\/libro\/#website\",\"url\":\"https:\/\/www.nuriacarmona.es\/libro\/\",\"name\":\"Liderazgo consciente para profesionales inquietas\",\"description\":\"Nuria Carmona\",\"potentialAction\":[{\"@type\":\"SearchAction\",\"target\":\"https:\/\/www.nuriacarmona.es\/libro\/?s={search_term_string}\",\"query-input\":\"required name=search_term_string\"}],\"inLanguage\":\"es\"},{\"@type\":\"ImageObject\",\"@id\":\"https:\/\/www.nuriacarmona.es\/libro\/producto\/liderazgo-consciente-para-profesionales-inquietas\/#primaryimage\",\"inLanguage\":\"es\",\"url\":\"https:\/\/www.nuriacarmona.es\/libro\/wp-content\/uploads\/2021\/02\/liderazgo-consciente-web.jpg\",\"width\":500,\"height\":706},{\"@type\":\"WebPage\",\"@id\":\"https:\/\/www.nuriacarmona.es\/libro\/producto\/liderazgo-consciente-para-profesionales-inquietas\/#webpage\",\"url\":\"https:\/\/www.nuriacarmona.es\/libro\/producto\/liderazgo-consciente-para-profesionales-inquietas\/\",\"name\":\"Liderazgo consciente para profesionales inquietas - Liderazgo consciente para profesionales inquietas\",\"isPartOf\":{\"@id\":\"https:\/\/www.nuriacarmona.es\/libro\/#website\"},\"primaryImageOfPage\":{\"@id\":\"https:\/\/www.nuriacarmona.es\/libro\/producto\/liderazgo-consciente-para-profesionales-inquietas\/#primaryimage\"},\"datePublished\":\"2021-02-17T14:28:42+00:00\",\"dateModified\":\"2021-02-17T14:34:57+00:00\",\"inLanguage\":\"es\",\"potentialAction\":[{\"@type\":\"ReadAction\",\"target\":[\"https:\/\/www.nuriacarmona.es\/libro\/producto\/liderazgo-consciente-para-profesionales-inquietas\/\"]}]}]}<\/script>\n<!-- \/ Yoast SEO plugin. -->","_links":{"self":[{"href":"https:\/\/www.nuriacarmona.es\/libro\/wp-json\/wp\/v2\/product\/479","targetHints":{"allow":["GET"]}}],"collection":[{"href":"https:\/\/www.nuriacarmona.es\/libro\/wp-json\/wp\/v2\/product"}],"about":[{"href":"https:\/\/www.nuriacarmona.es\/libro\/wp-json\/wp\/v2\/types\/product"}],"replies":[{"embeddable":true,"href":"https:\/\/www.nuriacarmona.es\/libro\/wp-json\/wp\/v2\/comments?post=479"}],"wp:featuredmedia":[{"embeddable":true,"href":"https:\/\/www.nuriacarmona.es\/libro\/wp-json\/wp\/v2\/media\/480"}],"wp:attachment":[{"href":"https:\/\/www.nuriacarmona.es\/libro\/wp-json\/wp\/v2\/media?parent=479"}],"curies":[{"name":"wp","href":"https:\/\/api.w.org\/{rel}","templated":true}]}}